{"id":1647,"date":"2020-07-19T22:40:53","date_gmt":"2020-07-19T22:40:53","guid":{"rendered":"http:\/\/haidang.khomaudeprt.com\/?post_type=product&#038;p=1647"},"modified":"2020-07-19T22:41:09","modified_gmt":"2020-07-19T22:41:09","slug":"iphone-11-pro-max-14","status":"publish","type":"product","link":"http:\/\/haidang.khomaudeprt.com\/?product=iphone-11-pro-max-14","title":{"rendered":"Iphone 11 Pro max"},"content":{"rendered":"<p>iPhone 11 v\u1edbi 6 phi\u00ean b\u1ea3n m\u00e0u s\u1eafc, camera c\u00f3 kh\u1ea3 n\u0103ng ch\u1ee5p \u1ea3nh v\u01b0\u1ee3t tr\u1ed9i, th\u1eddi l\u01b0\u1ee3ng pin c\u1ef1c d\u00e0i v\u00e0 b\u1ed9 vi x\u1eed l\u00fd m\u1ea1nh nh\u1ea5t t\u1eeb tr\u01b0\u1edbc \u0111\u1ebfn nay s\u1ebd mang \u0111\u1ebfn tr\u1ea3i nghi\u1ec7m tuy\u1ec7t v\u1eddi d\u00e0nh cho b\u1ea1n.<\/p>\n<h2>R\u1ef1c r\u1ee1 s\u1eafc m\u00e0u, th\u1ec3 hi\u1ec7n c\u00e1 t\u00ednh<\/h2>\n<p>C\u00f3 t\u1edbi 6 s\u1ef1 l\u1ef1a ch\u1ecdn m\u00e0u s\u1eafc cho iPhone 11 64GB, bao g\u1ed3m T\u00edm, V\u00e0ng, Xanh l\u1ee5c, \u0110en, Tr\u1eafng v\u00e0 \u0110\u1ecf, tha h\u1ed3 \u0111\u1ec3 b\u1ea1n l\u1ef1a ch\u1ecdn m\u00e0u ph\u00f9 h\u1ee3p v\u1edbi s\u1edf th\u00edch, c\u00e1 t\u00ednh ri\u00eang c\u1ee7a b\u1ea3n th\u00e2n. V\u1ebb \u0111\u1eb9p c\u1ee7a iPhone 11 \u0111\u1ebfn t\u1eeb thi\u1ebft k\u1ebf cao c\u1ea5p khi \u0111\u01b0\u1ee3c l\u00e0m t\u1eeb khung nh\u00f4m nguy\u00ean kh\u1ed1i v\u00e0 m\u1eb7t l\u01b0ng li\u1ec1n l\u1ea1c v\u1edbi m\u1ed9t t\u1ea5m k\u00ednh duy nh\u1ea5t. \u1ede m\u1eb7t tr\u01b0\u1edbc, b\u1ea1n s\u1ebd \u0111\u01b0\u1ee3c chi\u00eam ng\u01b0\u1ee1ng m\u00e0n h\u00ecnh Liquid Retina l\u1edbn 6,1 inch, m\u00e0u s\u1eafc v\u00f4 c\u00f9ng ch\u00e2n th\u1ef1c. T\u1ea5t c\u1ea3 t\u1ea1o n\u00ean chi\u1ebfc \u0111i\u1ec7n tho\u1ea1i tr\u00e0n \u0111\u1ea7y h\u1ee9ng kh\u1edfi.<\/p>\n<h2>H\u1ec7 th\u1ed1ng camera k\u00e9p m\u1edbi<\/h2>\n<p>Apple iPhone 11 s\u1edf h\u1eefu c\u1ee5m camera k\u00e9p m\u1eb7t sau, bao g\u1ed3m camera g\u00f3c r\u1ed9ng v\u00e0 camera g\u00f3c si\u00eau r\u1ed9ng. C\u1ea3m bi\u1ebfn camera g\u00f3c r\u1ed9ng 12MP c\u00f3 kh\u1ea3 n\u0103ng l\u1ea5y n\u00e9t t\u1ef1 \u0111\u1ed9ng nhanh g\u1ea5p 3 l\u1ea7n trong \u0111i\u1ec1u ki\u1ec7n thi\u1ebfu s\u00e1ng. B\u00ean c\u1ea1nh \u0111\u00f3 c\u1ea3m bi\u1ebfn g\u00f3c si\u00eau r\u1ed9ng cho kh\u1ea3 n\u0103ng ch\u1ee5p c\u1ea3nh r\u1ed9ng g\u1ea5p 4 l\u1ea7n, l\u00e0 ph\u01b0\u01a1ng ti\u1ec7n ghi h\u00ecnh tuy\u1ec7t v\u1eddi cho nh\u1eefng chuy\u1ebfn du l\u1ecbch, ch\u1ee5p h\u00ecnh nh\u00f3m. Nhanh ch\u00f3ng ch\u1ee5p \u1ea3nh, quay video, ch\u1ec9nh s\u1eeda v\u00e0 chia s\u1ebb ngay tr\u00ean iPhone, b\u1ea1n s\u1ebd kh\u00f4ng b\u1ecf l\u1ee1 b\u1ea5t c\u1ee9 kho\u1ea3nh kh\u1eafc \u0111\u00e1ng nh\u1edb n\u00e0o.<\/p>\n<p><img loading=\"lazy\" class=\"size-full wp-image-1176 aligncenter\" src=\"http:\/\/haidang.khomaudeprt.com\/wp-content\/uploads\/2020\/03\/chi-tiet-sp.jpg\" alt=\"\" width=\"819\" height=\"426\" srcset=\"http:\/\/haidang.khomaudeprt.com\/wp-content\/uploads\/2020\/03\/chi-tiet-sp.jpg 819w, http:\/\/haidang.khomaudeprt.com\/wp-content\/uploads\/2020\/03\/chi-tiet-sp-769x400.jpg 769w, http:\/\/haidang.khomaudeprt.com\/wp-content\/uploads\/2020\/03\/chi-tiet-sp-768x399.jpg 768w, http:\/\/haidang.khomaudeprt.com\/wp-content\/uploads\/2020\/03\/chi-tiet-sp-600x312.jpg 600w\" sizes=\"(max-width: 819px) 100vw, 819px\" \/><\/p>\n<h2>Quay video ch\u01b0a bao gi\u1edd chuy\u00ean nghi\u1ec7p \u0111\u1ebfn th\u1ebf<\/h2>\n<p>C\u00f3 t\u1edbi 6 s\u1ef1 l\u1ef1a ch\u1ecdn m\u00e0u s\u1eafc cho iPhone 11 64GB, bao g\u1ed3m T\u00edm, V\u00e0ng, Xanh l\u1ee5c, \u0110en, Tr\u1eafng v\u00e0 \u0110\u1ecf, tha h\u1ed3 \u0111\u1ec3 b\u1ea1n l\u1ef1a ch\u1ecdn m\u00e0u ph\u00f9 h\u1ee3p v\u1edbi s\u1edf th\u00edch, c\u00e1 t\u00ednh ri\u00eang c\u1ee7a b\u1ea3n th\u00e2n. V\u1ebb \u0111\u1eb9p c\u1ee7a iPhone 11 \u0111\u1ebfn t\u1eeb thi\u1ebft k\u1ebf cao c\u1ea5p khi \u0111\u01b0\u1ee3c l\u00e0m t\u1eeb khung nh\u00f4m nguy\u00ean kh\u1ed1i v\u00e0 m\u1eb7t l\u01b0ng li\u1ec1n l\u1ea1c v\u1edbi m\u1ed9t t\u1ea5m k\u00ednh duy nh\u1ea5t. \u1ede m\u1eb7t tr\u01b0\u1edbc, b\u1ea1n s\u1ebd \u0111\u01b0\u1ee3c chi\u00eam ng\u01b0\u1ee1ng m\u00e0n h\u00ecnh Liquid Retina l\u1edbn 6,1 inch, m\u00e0u s\u1eafc v\u00f4 c\u00f9ng ch\u00e2n th\u1ef1c. T\u1ea5t c\u1ea3 t\u1ea1o n\u00ean chi\u1ebfc \u0111i\u1ec7n tho\u1ea1i tr\u00e0n \u0111\u1ea7y h\u1ee9ng kh\u1edfi.<\/p>\n<h2>Night Mode, chuy\u00ean gia ch\u1ee5p \u1ea3nh thi\u1ebfu s\u00e1ng<\/h2>\n<p>Apple iPhone 11 s\u1edf h\u1eefu c\u1ee5m camera k\u00e9p m\u1eb7t sau, bao g\u1ed3m camera g\u00f3c r\u1ed9ng v\u00e0 camera g\u00f3c si\u00eau r\u1ed9ng. C\u1ea3m bi\u1ebfn camera g\u00f3c r\u1ed9ng 12MP c\u00f3 kh\u1ea3 n\u0103ng l\u1ea5y n\u00e9t t\u1ef1 \u0111\u1ed9ng nhanh g\u1ea5p 3 l\u1ea7n trong \u0111i\u1ec1u ki\u1ec7n thi\u1ebfu s\u00e1ng. B\u00ean c\u1ea1nh \u0111\u00f3 c\u1ea3m bi\u1ebfn g\u00f3c si\u00eau r\u1ed9ng cho kh\u1ea3 n\u0103ng ch\u1ee5p c\u1ea3nh r\u1ed9ng g\u1ea5p 4 l\u1ea7n, l\u00e0 ph\u01b0\u01a1ng ti\u1ec7n ghi h\u00ecnh tuy\u1ec7t v\u1eddi cho nh\u1eefng chuy\u1ebfn du l\u1ecbch, ch\u1ee5p h\u00ecnh nh\u00f3m. Nhanh ch\u00f3ng ch\u1ee5p \u1ea3nh, quay video, ch\u1ec9nh s\u1eeda v\u00e0 chia s\u1ebb ngay tr\u00ean iPhone, b\u1ea1n s\u1ebd kh\u00f4ng b\u1ecf l\u1ee1 b\u1ea5t c\u1ee9 kho\u1ea3nh kh\u1eafc \u0111\u00e1ng nh\u1edb n\u00e0o.<\/p>\n","protected":false},"excerpt":{"rendered":"<p>Tr\u1ea3 g\u00f3p 0%, 0\u0111 th\u1ebb t\u00edn d\u1ee5ng<\/p>\n<p>Gi\u1ea3m ngay 1,000,000\u0111 vi vu du l\u1ecbch (\u0111\u00e3 tr\u1eeb v\u00e0o gi\u00e1) (*)<\/p>\n<p>T\u1eb7ng PMH 500,000\u0111 mua Apple Watch<\/p>\n<p>T\u1eb7ng g\u00f3i iCloud 50GB mi\u1ec5n ph\u00ed 3 th\u00e1ng <a href=\"#1\">Xem chi ti\u1ebft<\/a><\/p>\n<p>Gi\u1ea3m th\u00eam 5% t\u1ed1i \u0111a 200,000\u0111 khi thanh to\u00e1n 100% qua VNPAY-QR Xem chi ti\u1ebft<\/p>\n<p>T\u1eb7ng su\u1ea5t mua \u0110\u1ed3ng h\u1ed3 th\u1eddi trang gi\u1ea3m \u0111\u1ebfn 40% <a href=\"#1\">Xem chi ti\u1ebft<\/a><\/p>\n<p>(*): Kh\u00f4ng \u00e1p d\u1ee5ng tr\u1ea3 g\u00f3p 0%\/1%<\/p>\n","protected":false},"featured_media":1364,"comment_status":"open","ping_status":"closed","template":"","meta":[],"yoast_head":"<!-- This site is optimized with the Yoast SEO plugin v14.5 - https:\/\/yoast.com\/wordpress\/plugins\/seo\/ -->\n<title>Iphone 11 Pro max - haidangstore<\/title>\n<meta name=\"robots\" content=\"index, follow\" \/>\n<meta name=\"googlebot\" content=\"index, follow, max-snippet:-1, max-image-preview:large, max-video-preview:-1\" \/>\n<meta name=\"bingbot\" content=\"index, follow, max-snippet:-1, max-image-preview:large, max-video-preview:-1\" \/>\n<link rel=\"canonical\" href=\"http:\/\/haidang.khomaudeprt.com\/?product=iphone-11-pro-max-14\" \/>\n<meta property=\"og:locale\" content=\"vi_VN\" \/>\n<meta property=\"og:type\" content=\"article\" \/>\n<meta property=\"og:title\" content=\"Iphone 11 Pro max - haidangstore\" \/>\n<meta property=\"og:description\" content=\"Tr\u1ea3 g\u00f3p 0%, 0\u0111 th\u1ebb t\u00edn d\u1ee5ng  Gi\u1ea3m ngay 1,000,000\u0111 vi vu du l\u1ecbch (\u0111\u00e3 tr\u1eeb v\u00e0o gi\u00e1) (*)  T\u1eb7ng PMH 500,000\u0111 mua Apple Watch  T\u1eb7ng g\u00f3i iCloud 50GB mi\u1ec5n ph\u00ed 3 th\u00e1ng Xem chi ti\u1ebft  Gi\u1ea3m th\u00eam 5% t\u1ed1i \u0111a 200,000\u0111 khi thanh to\u00e1n 100% qua VNPAY-QR Xem chi ti\u1ebft  T\u1eb7ng su\u1ea5t mua \u0110\u1ed3ng h\u1ed3 th\u1eddi trang gi\u1ea3m \u0111\u1ebfn 40% Xem chi ti\u1ebft  (*): Kh\u00f4ng \u00e1p d\u1ee5ng tr\u1ea3 g\u00f3p 0%\/1%\" \/>\n<meta property=\"og:url\" content=\"http:\/\/haidang.khomaudeprt.com\/?product=iphone-11-pro-max-14\" \/>\n<meta property=\"og:site_name\" content=\"haidangstore\" \/>\n<meta property=\"article:modified_time\" content=\"2020-07-19T22:41:09+00:00\" \/>\n<meta property=\"og:image\" content=\"http:\/\/haidang.khomaudeprt.com\/wp-content\/uploads\/2020\/07\/thumb_iP11_7.jpg\" \/>\n\t<meta property=\"og:image:width\" content=\"600\" \/>\n\t<meta property=\"og:image:height\" content=\"600\" \/>\n<meta name=\"twitter:card\" content=\"summary_large_image\" \/>\n<script type=\"application\/ld+json\" class=\"yoast-schema-graph\">{\"@context\":\"https:\/\/schema.org\",\"@graph\":[{\"@type\":\"WebSite\",\"@id\":\"http:\/\/haidang.khomaudeprt.com\/#website\",\"url\":\"http:\/\/haidang.khomaudeprt.com\/\",\"name\":\"haidangstore\",\"description\":\"\",\"potentialAction\":[{\"@type\":\"SearchAction\",\"target\":\"http:\/\/haidang.khomaudeprt.com\/?s={search_term_string}\",\"query-input\":\"required name=search_term_string\"}],\"inLanguage\":\"vi\"},{\"@type\":\"ImageObject\",\"@id\":\"http:\/\/haidang.khomaudeprt.com\/?product=iphone-11-pro-max-14#primaryimage\",\"inLanguage\":\"vi\",\"url\":\"http:\/\/haidang.khomaudeprt.com\/wp-content\/uploads\/2020\/07\/thumb_iP11_7.jpg\",\"width\":600,\"height\":600},{\"@type\":\"WebPage\",\"@id\":\"http:\/\/haidang.khomaudeprt.com\/?product=iphone-11-pro-max-14#webpage\",\"url\":\"http:\/\/haidang.khomaudeprt.com\/?product=iphone-11-pro-max-14\",\"name\":\"Iphone 11 Pro max - haidangstore\",\"isPartOf\":{\"@id\":\"http:\/\/haidang.khomaudeprt.com\/#website\"},\"primaryImageOfPage\":{\"@id\":\"http:\/\/haidang.khomaudeprt.com\/?product=iphone-11-pro-max-14#primaryimage\"},\"datePublished\":\"2020-07-19T22:40:53+00:00\",\"dateModified\":\"2020-07-19T22:41:09+00:00\",\"breadcrumb\":{\"@id\":\"http:\/\/haidang.khomaudeprt.com\/?product=iphone-11-pro-max-14#breadcrumb\"},\"inLanguage\":\"vi\",\"potentialAction\":[{\"@type\":\"ReadAction\",\"target\":[\"http:\/\/haidang.khomaudeprt.com\/?product=iphone-11-pro-max-14\"]}]},{\"@type\":\"BreadcrumbList\",\"@id\":\"http:\/\/haidang.khomaudeprt.com\/?product=iphone-11-pro-max-14#breadcrumb\",\"itemListElement\":[{\"@type\":\"ListItem\",\"position\":1,\"item\":{\"@type\":\"WebPage\",\"@id\":\"http:\/\/haidang.khomaudeprt.com\/\",\"url\":\"http:\/\/haidang.khomaudeprt.com\/\",\"name\":\"Trang ch\\u1ee7\"}},{\"@type\":\"ListItem\",\"position\":2,\"item\":{\"@type\":\"WebPage\",\"@id\":\"\",\"url\":\"\",\"name\":\"\"}},{\"@type\":\"ListItem\",\"position\":3,\"item\":{\"@type\":\"WebPage\",\"@id\":\"http:\/\/haidang.khomaudeprt.com\/?product=iphone-11-pro-max-14\",\"url\":\"http:\/\/haidang.khomaudeprt.com\/?product=iphone-11-pro-max-14\",\"name\":\"Iphone 11 Pro max\"}}]}]}<\/script>\n<!-- \/ Yoast SEO plugin. -->","_links":{"self":[{"href":"http:\/\/haidang.khomaudeprt.com\/index.php?rest_route=\/wp\/v2\/product\/1647"}],"collection":[{"href":"http:\/\/haidang.khomaudeprt.com\/index.php?rest_route=\/wp\/v2\/product"}],"about":[{"href":"http:\/\/haidang.khomaudeprt.com\/index.php?rest_route=\/wp\/v2\/types\/product"}],"replies":[{"embeddable":true,"href":"http:\/\/haidang.khomaudeprt.com\/index.php?rest_route=%2Fwp%2Fv2%2Fcomments&post=1647"}],"wp:featuredmedia":[{"embeddable":true,"href":"http:\/\/haidang.khomaudeprt.com\/index.php?rest_route=\/wp\/v2\/media\/1364"}],"wp:attachment":[{"href":"http:\/\/haidang.khomaudeprt.com\/index.php?rest_route=%2Fwp%2Fv2%2Fmedia&parent=1647"}],"curies":[{"name":"wp","href":"https:\/\/api.w.org\/{rel}","templated":true}]}}